{"id":6,"date":"2026-03-24T11:25:37","date_gmt":"2026-03-24T10:25:37","guid":{"rendered":"https:\/\/www.spolecnejilovsko.cz\/?page_id=6"},"modified":"2026-05-04T18:09:06","modified_gmt":"2026-05-04T16:09:06","slug":"volebni-program","status":"publish","type":"page","link":"https:\/\/www.spolecnejilovsko.cz\/?page_id=6","title":{"rendered":""},"content":{"rendered":"\n<main class=\"wp-block-group alignfull site-content is-layout-flow wp-block-group-is-layout-flow\" id=\"header\" style=\"margin-top:0\">\n<div class=\"wp-block-cover alignfull is-light\" style=\"padding-top:0px\"><img decoding=\"async\" class=\"wp-block-cover__image-background wp-image-7391\" alt=\"\" src=\"https:\/\/www.spolecnejilovsko.cz\/wp-content\/themes\/inspiro-blocks\/assets\/images\/StockSnap_6O7JXC5DC5.jpg\" style=\"object-position:72% 38%\" data-object-fit=\"cover\" data-object-position=\"72% 38%\"\/><span aria-hidden=\"true\" class=\"wp-block-cover__background has-white-background-color has-background-dim-100 has-background-dim\"><\/span><div class=\"wp-block-cover__inner-container is-layout-flow wp-block-cover-is-layout-flow\">\n<div class=\"wp-block-group is-style-default has-global-padding is-layout-constrained wp-block-group-is-layout-constrained has-background\" style=\"border-top-left-radius:40px;border-top-right-radius:40px;border-bottom-left-radius:40px;border-bottom-right-radius:40px;background-image:url(&apos;https:\/\/www.spolecnejilovsko.cz\/wp-content\/uploads\/2026\/04\/IMG_20250506_124006-scaled.jpg&apos;);background-position:49% 70%;background-size:cover;background-attachment:scroll;\">\n<div style=\"height:251px\" aria-hidden=\"true\" class=\"wp-block-spacer\"><\/div>\n\n\n\n<h1 class=\"wp-block-heading has-white-color has-text-color has-max-48-font-size\"><strong>Volebn\u00ed program<\/strong><\/h1>\n\n\n\n<div style=\"height:63px\" aria-hidden=\"true\" class=\"wp-block-spacer\"><\/div>\n<\/div>\n<\/div><\/div>\n<\/main>\n\n\n\n<div class=\"wp-block-group is-nowrap is-layout-flex wp-container-core-group-is-layout-6c531013 wp-block-group-is-layout-flex\">\n<div class=\"wp-block-group has-global-padding is-layout-constrained wp-block-group-is-layout-constrained\">\n<div class=\"wp-block-group is-layout-flow wp-block-group-is-layout-flow\">\n<div style=\"height:100px\" aria-hidden=\"true\" class=\"wp-block-spacer\"><\/div>\n\n\n\n<p class=\"has-text-align-center has-primary-color has-text-color\">PROGRAM<\/p>\n\n\n\n<h2 class=\"wp-block-heading has-text-align-center has-max-48-font-size\">Spole\u010dn\u011b pro J\u00edlovsko<\/h2>\n\n\n\n<div style=\"height:100px\" aria-hidden=\"true\" class=\"wp-block-spacer\"><\/div>\n\n\n\n<div class=\"wp-block-columns is-layout-flex wp-container-core-columns-is-layout-28f84493 wp-block-columns-is-layout-flex\">\n<div class=\"wp-block-column is-style-default is-layout-flow wp-block-column-is-layout-flow\" style=\"border-style:none;border-width:0px;padding-top:0;padding-right:0;padding-bottom:0;padding-left:0\">\n<figure class=\"wp-block-image aligncenter size-full is-resized is-style-default wp-duotone-unset-1\"><img loading=\"lazy\" decoding=\"async\" width=\"582\" height=\"753\" src=\"https:\/\/www.spolecnejilovsko.cz\/wp-content\/uploads\/2026\/03\/cecka-znak071-barva.png\" alt=\"\" class=\"wp-image-103\" style=\"width:140px\" srcset=\"https:\/\/www.spolecnejilovsko.cz\/wp-content\/uploads\/2026\/03\/cecka-znak071-barva.png 582w, https:\/\/www.spolecnejilovsko.cz\/wp-content\/uploads\/2026\/03\/cecka-znak071-barva-232x300.png 232w\" sizes=\"auto, (max-width: 582px) 100vw, 582px\" \/><\/figure>\n\n\n\n<h2 class=\"wp-block-heading has-text-align-center has-text-color has-link-color wp-elements-55cf2f97984c2dc30c5218d70aa49f47\" style=\"color:#4877ab\"><strong>Rozv\u00edjej\u00edc\u00ed se j\u00edlovsko<\/strong><\/h2>\n\n\n\n<p class=\"has-text-align-center\">Dokon\u010d\u00edme kl\u00ed\u010dov\u00e9 projekty m\u011bsta &#8211; intenzifikace \u010cOV, svazkov\u00e1 \u0161kola (varianta v kombinaci se S\u0160), nov\u00e9 kulturn\u00ed centrum a knihovna ve \u0160melcovn\u011b.<\/p>\n<\/div>\n<\/div>\n\n\n\n<div style=\"height:100px\" aria-hidden=\"true\" class=\"wp-block-spacer\"><\/div>\n\n\n\n<div class=\"wp-block-columns is-layout-flex wp-container-core-columns-is-layout-28f84493 wp-block-columns-is-layout-flex\">\n<div class=\"wp-block-column is-style-default is-layout-flow wp-block-column-is-layout-flow\" style=\"border-style:none;border-width:0px;padding-top:0;padding-right:0;padding-bottom:0;padding-left:0\">\n<figure class=\"wp-block-image aligncenter size-full is-resized\"><img loading=\"lazy\" decoding=\"async\" width=\"387\" height=\"461\" src=\"https:\/\/www.spolecnejilovsko.cz\/wp-content\/uploads\/2026\/03\/cecka-znak042.png\" alt=\"\" class=\"wp-image-104\" style=\"aspect-ratio:0.8394891266827753;object-fit:cover;width:100px;height:auto\" srcset=\"https:\/\/www.spolecnejilovsko.cz\/wp-content\/uploads\/2026\/03\/cecka-znak042.png 387w, https:\/\/www.spolecnejilovsko.cz\/wp-content\/uploads\/2026\/03\/cecka-znak042-252x300.png 252w\" sizes=\"auto, (max-width: 387px) 100vw, 387px\" \/><\/figure>\n\n\n\n<h2 class=\"wp-block-heading has-text-align-center has-text-color has-link-color wp-elements-e8d3cc55f0ea3dc6a2f270d8f5d9e09e\" style=\"color:#b79500\"><strong>J\u00edlovsko, kter\u00e9 komunikuje <\/strong><strong>i slou\u017e\u00ed<\/strong>\u00a0<\/h2>\n\n\n\n<p class=\"has-text-align-center\">Zlep\u0161\u00edme komunikaci i slu\u017eby pro ob\u010dany &#8211; online port\u00e1l ob\u010dana, v\u011bt\u0161\u00ed zapojen\u00ed ve\u0159ejnosti i prezentace pl\u00e1n\u016f m\u011bsta.<\/p>\n<\/div>\n<\/div>\n\n\n\n<div style=\"height:100px\" aria-hidden=\"true\" class=\"wp-block-spacer\"><\/div>\n\n\n\n<div class=\"wp-block-columns is-layout-flex wp-container-core-columns-is-layout-28f84493 wp-block-columns-is-layout-flex\">\n<div class=\"wp-block-column is-style-default is-layout-flow wp-block-column-is-layout-flow\" style=\"border-style:none;border-width:0px;padding-top:0;padding-right:0;padding-bottom:0;padding-left:0\">\n<figure class=\"wp-block-image aligncenter size-full is-resized\"><img loading=\"lazy\" decoding=\"async\" width=\"419\" height=\"544\" src=\"https:\/\/www.spolecnejilovsko.cz\/wp-content\/uploads\/2026\/03\/cecka-znak051-barva.png\" alt=\"\" class=\"wp-image-106\" style=\"width:100px\" srcset=\"https:\/\/www.spolecnejilovsko.cz\/wp-content\/uploads\/2026\/03\/cecka-znak051-barva.png 419w, https:\/\/www.spolecnejilovsko.cz\/wp-content\/uploads\/2026\/03\/cecka-znak051-barva-231x300.png 231w\" sizes=\"auto, (max-width: 419px) 100vw, 419px\" \/><\/figure>\n\n\n\n<h2 class=\"wp-block-heading has-text-align-center has-text-color has-link-color wp-elements-5e3bb7a9c2512861d0be953c6bb095c3\" style=\"color:#798637\"><strong>J\u00edlovsko p\u0159\u00e1telsk\u00e9 k senior\u016fm <\/strong><strong>i rodin\u00e1m s d\u011btmi<\/strong><\/h2>\n\n\n\n<p class=\"has-text-align-center\">Dokon\u010d\u00edme projekt nov\u00e9ho bytov\u00e9ho domu m\u011bsta se z\u00e1zem\u00edm pe\u010dovatelsk\u00e9 slu\u017eby p\u0159\u00edpadn\u011b ordinacemi. Posuneme k realizaci v\u00fdstavbu nov\u00fdch prostor pro ordinace i kancel\u00e1\u0159e na ulici Pra\u017esk\u00e1\/Rudn\u00fdch dol\u016f.<\/p>\n<\/div>\n<\/div>\n<\/div>\n\n\n\n<div style=\"height:100px\" aria-hidden=\"true\" class=\"wp-block-spacer\"><\/div>\n\n\n\n<div class=\"wp-block-group is-layout-flow wp-block-group-is-layout-flow\">\n<p class=\"has-text-align-center has-primary-color has-text-color\"><\/p>\n\n\n\n<div class=\"wp-block-columns is-layout-flex wp-container-core-columns-is-layout-28f84493 wp-block-columns-is-layout-flex\">\n<div class=\"wp-block-column is-style-default is-layout-flow wp-block-column-is-layout-flow\" style=\"border-style:none;border-width:0px;padding-top:0;padding-right:0;padding-bottom:0;padding-left:0\">\n<figure class=\"wp-block-image aligncenter size-full is-resized is-style-default wp-duotone-unset-2\"><img loading=\"lazy\" decoding=\"async\" width=\"345\" height=\"552\" src=\"https:\/\/www.spolecnejilovsko.cz\/wp-content\/uploads\/2026\/03\/cecka-znak061-barva-4.png\" alt=\"\" class=\"wp-image-199\" style=\"width:90px\" srcset=\"https:\/\/www.spolecnejilovsko.cz\/wp-content\/uploads\/2026\/03\/cecka-znak061-barva-4.png 345w, https:\/\/www.spolecnejilovsko.cz\/wp-content\/uploads\/2026\/03\/cecka-znak061-barva-4-188x300.png 188w\" sizes=\"auto, (max-width: 345px) 100vw, 345px\" \/><\/figure>\n\n\n\n<h2 class=\"wp-block-heading has-text-align-center has-text-color has-link-color wp-elements-68cc210e1ec42bb8308c7b4728e021e8\" style=\"color:#c42f33\"><strong><strong>Komunitn\u00ed j\u00edlovsko<\/strong><\/strong><\/h2>\n\n\n\n<p class=\"has-text-align-center\">Podpo\u0159\u00edme komunitn\u00ed \u017eivot nov\u00fdmi akcemi &#8211; filmov\u00fd klub a prom\u00edt\u00e1n\u00ed, deskohran\u00ed, farm\u00e1\u0159sk\u00e9 trhy, gar\u00e1\u017eov\u00fd v\u00fdprodej nebo ble\u0161\u00ed trhy.<\/p>\n<\/div>\n<\/div>\n\n\n\n<div style=\"height:100px\" aria-hidden=\"true\" class=\"wp-block-spacer\"><\/div>\n\n\n\n<div class=\"wp-block-columns is-layout-flex wp-container-core-columns-is-layout-28f84493 wp-block-columns-is-layout-flex\">\n<div class=\"wp-block-column is-style-default is-layout-flow wp-block-column-is-layout-flow\" style=\"border-style:none;border-width:0px;padding-top:0;padding-right:0;padding-bottom:0;padding-left:0\">\n<figure class=\"wp-block-image aligncenter size-full is-resized\"><img loading=\"lazy\" decoding=\"async\" width=\"376\" height=\"480\" src=\"https:\/\/www.spolecnejilovsko.cz\/wp-content\/uploads\/2026\/03\/cecka-znak041-barva-2.png\" alt=\"\" class=\"wp-image-201\" style=\"width:100px\" srcset=\"https:\/\/www.spolecnejilovsko.cz\/wp-content\/uploads\/2026\/03\/cecka-znak041-barva-2.png 376w, https:\/\/www.spolecnejilovsko.cz\/wp-content\/uploads\/2026\/03\/cecka-znak041-barva-2-235x300.png 235w\" sizes=\"auto, (max-width: 376px) 100vw, 376px\" \/><\/figure>\n\n\n\n<h2 class=\"wp-block-heading has-text-align-center has-text-color has-link-color wp-elements-d8d2c4a4581ed1e7231788830f343e8b\" style=\"color:#1d6f25\"><strong>Kr\u00e1sn\u00e9 j\u00edlovsko<\/strong><\/h2>\n\n\n\n<p class=\"has-text-align-center\">Atraktivn\u00ed ve\u0159ejn\u00e1 prostranstv\u00ed ve m\u011bst\u011b i j\u00edlovsk\u00e9 n\u00e1m\u011bst\u00ed &#8211; v\u00edce v\u00fdsadeb ale i doprovodn\u00fdch prvk\u016f ve\u0159ejn\u00fdch prostranstv\u00ed &#8211; vodn\u00ed prvky, um\u011bleck\u00e9 nebo jinak estetick\u00e9 prvky ve ve\u0159ejn\u00e9m prostoru.<\/p>\n<\/div>\n<\/div>\n\n\n\n<div style=\"height:100px\" aria-hidden=\"true\" class=\"wp-block-spacer\"><\/div>\n\n\n\n<div class=\"wp-block-columns is-layout-flex wp-container-core-columns-is-layout-28f84493 wp-block-columns-is-layout-flex\">\n<div class=\"wp-block-column is-style-default is-layout-flow wp-block-column-is-layout-flow\" style=\"border-style:none;border-width:0px;padding-top:0;padding-right:0;padding-bottom:0;padding-left:0\">\n<figure class=\"wp-block-image aligncenter size-full is-resized\"><img loading=\"lazy\" decoding=\"async\" width=\"387\" height=\"467\" src=\"https:\/\/www.spolecnejilovsko.cz\/wp-content\/uploads\/2026\/03\/cecka-znak042-cerna.png\" alt=\"\" class=\"wp-image-212\" style=\"width:100px\" srcset=\"https:\/\/www.spolecnejilovsko.cz\/wp-content\/uploads\/2026\/03\/cecka-znak042-cerna.png 387w, https:\/\/www.spolecnejilovsko.cz\/wp-content\/uploads\/2026\/03\/cecka-znak042-cerna-249x300.png 249w\" sizes=\"auto, (max-width: 387px) 100vw, 387px\" \/><\/figure>\n\n\n\n<h2 class=\"wp-block-heading has-text-align-center has-secondary-color has-text-color has-link-color wp-elements-46ad2e805a4b34dfed537abc262808e2\"><strong><strong>J\u00edlovsko jako centrum mikroregionu<\/strong><\/strong><\/h2>\n\n\n\n<p class=\"has-text-align-center\">Rozvoj slu\u017eeb pro mikroregion (soci\u00e1ln\u00ed pr\u00e1ce, m\u011bstsk\u00e1 policie, JSDH J\u00edlov\u00e9 u Prahy.<br><br><\/p>\n<\/div>\n<\/div>\n<\/div>\n<\/div>\n<\/div>\n\n\n\n<div id=\"team\" class=\"wp-block-group has-global-padding is-layout-constrained wp-block-group-is-layout-constrained\">\n<div class=\"wp-block-group is-layout-flow wp-block-group-is-layout-flow\">\n<div style=\"height:74px\" aria-hidden=\"true\" class=\"wp-block-spacer\"><\/div>\n<\/div>\n<\/div>\n\n\n\n<div class=\"wp-block-group has-global-padding is-layout-constrained wp-block-group-is-layout-constrained\">\n<div class=\"wp-block-group is-layout-flow wp-block-group-is-layout-flow\">\n<hr class=\"wp-block-separator has-text-color has-lightgrey-color has-alpha-channel-opacity has-lightgrey-background-color has-background is-style-wide\"\/>\n<\/div>\n<\/div>\n\n\n\n<p><\/p>\n","protected":false},"excerpt":{"rendered":"<p>PROGRAM Spole\u010dn\u011b pro J\u00edlovsko Rozv\u00edjej\u00edc\u00ed se j\u00edlovsko Dokon\u010d\u00edme kl\u00ed\u010dov\u00e9 projekty m\u011bsta &#8211; intenzifikace \u010cOV, svazkov\u00e1 \u0161kola (varianta v kombinaci se S\u0160), nov\u00e9 kulturn\u00ed centrum a knihovna ve \u0160melcovn\u011b. J\u00edlovsko, kter\u00e9 komunikuje i slou\u017e\u00ed\u00a0 Zlep\u0161\u00edme komunikaci i slu\u017eby pro ob\u010dany &#8211; online port\u00e1l ob\u010dana, v\u011bt\u0161\u00ed zapojen\u00ed ve\u0159ejnosti i prezentace pl\u00e1n\u016f m\u011bsta. J\u00edlovsko p\u0159\u00e1telsk\u00e9 k senior\u016fm i [&hellip;]<\/p>\n","protected":false},"author":1,"featured_media":0,"parent":0,"menu_order":0,"comment_status":"closed","ping_status":"closed","template":"","meta":{"footnotes":""},"class_list":["post-6","page","type-page","status-publish","hentry"],"featured_media_urls":[],"_links":{"self":[{"href":"https:\/\/www.spolecnejilovsko.cz\/index.php?rest_route=\/wp\/v2\/pages\/6","targetHints":{"allow":["GET"]}}],"collection":[{"href":"https:\/\/www.spolecnejilovsko.cz\/index.php?rest_route=\/wp\/v2\/pages"}],"about":[{"href":"https:\/\/www.spolecnejilovsko.cz\/index.php?rest_route=\/wp\/v2\/types\/page"}],"author":[{"embeddable":true,"href":"https:\/\/www.spolecnejilovsko.cz\/index.php?rest_route=\/wp\/v2\/users\/1"}],"replies":[{"embeddable":true,"href":"https:\/\/www.spolecnejilovsko.cz\/index.php?rest_route=%2Fwp%2Fv2%2Fcomments&post=6"}],"version-history":[{"count":35,"href":"https:\/\/www.spolecnejilovsko.cz\/index.php?rest_route=\/wp\/v2\/pages\/6\/revisions"}],"predecessor-version":[{"id":385,"href":"https:\/\/www.spolecnejilovsko.cz\/index.php?rest_route=\/wp\/v2\/pages\/6\/revisions\/385"}],"wp:attachment":[{"href":"https:\/\/www.spolecnejilovsko.cz\/index.php?rest_route=%2Fwp%2Fv2%2Fmedia&parent=6"}],"curies":[{"name":"wp","href":"https:\/\/api.w.org\/{rel}","templated":true}]}}